{"id":4065,"date":"2022-02-07T10:27:56","date_gmt":"2022-02-07T15:27:56","guid":{"rendered":"https:\/\/cefseguin.com\/?page_id=4065"},"modified":"2024-04-22T12:47:46","modified_gmt":"2024-04-22T16:47:46","slug":"calendrier-des-locations","status":"publish","type":"page","link":"https:\/\/cefseguin.com\/english\/calendrier-des-locations\/","title":{"rendered":"Calendrier des locations"},"content":{"rendered":"<div data-elementor-type=\"wp-page\" data-elementor-id=\"4065\" class=\"elementor elementor-4065\" data-elementor-post-type=\"page\">\n\t\t\t\t<div data-particle_enable=\"false\" data-particle-mobile-disabled=\"false\" class=\"elementor-element elementor-element-1a06548 e-flex e-con-boxed e-con e-parent\" data-id=\"1a06548\" data-element_type=\"container\" data-e-type=\"container\" data-settings=\"{&quot;background_background&quot;:&quot;classic&quot;}\">\n\t\t\t\t\t<div class=\"e-con-inner\">\n\t\t<div data-particle_enable=\"false\" data-particle-mobile-disabled=\"false\" class=\"elementor-element elementor-element-7da61de e-con-full e-flex e-con e-child\" data-id=\"7da61de\" data-element_type=\"container\" data-e-type=\"container\">\n\t\t\t\t<div class=\"elementor-element elementor-element-86531bc elementor-widget elementor-widget-image\" data-id=\"86531bc\" data-element_type=\"widget\" data-e-type=\"widget\" data-widget_type=\"image.default\">\n\t\t\t\t<div class=\"elementor-widget-container\">\n\t\t\t\t\t\t\t\t\t\t\t\t\t\t\t\t<a href=\"https:\/\/cefseguin.com\/english\/accueil\/\">\n\t\t\t\t\t\t\t<img decoding=\"async\" src=\"https:\/\/cefseguin.com\/wp-content\/uploads\/elementor\/thumbs\/CEFS-2-r4e7hh58f498vltuy86sn0510xep8jmabkq2bfdwcg.png\" title=\"CEFS\" alt=\"CEFS\" loading=\"lazy\" \/>\t\t\t\t\t\t\t\t<\/a>\n\t\t\t\t\t\t\t\t\t\t\t\t\t\t\t<\/div>\n\t\t\t\t<\/div>\n\t\t\t\t<\/div>\n\t\t<div data-particle_enable=\"false\" data-particle-mobile-disabled=\"false\" class=\"elementor-element elementor-element-f5bfc61 e-con-full e-flex e-con e-child\" data-id=\"f5bfc61\" data-element_type=\"container\" data-e-type=\"container\">\n\t\t\t\t<div class=\"elementor-element elementor-element-d349454 elementor-nav-menu__align-end elementor-nav-menu--dropdown-mobile elementor-nav-menu__text-align-aside elementor-nav-menu--toggle elementor-nav-menu--burger elementor-widget elementor-widget-nav-menu\" data-id=\"d349454\" data-element_type=\"widget\" data-e-type=\"widget\" data-settings=\"{&quot;layout&quot;:&quot;horizontal&quot;,&quot;submenu_icon&quot;:{&quot;value&quot;:&quot;&lt;i class=\\&quot;fas fa-caret-down\\&quot; aria-hidden=\\&quot;true\\&quot;&gt;&lt;\\\/i&gt;&quot;,&quot;library&quot;:&quot;fa-solid&quot;},&quot;toggle&quot;:&quot;burger&quot;}\" data-widget_type=\"nav-menu.default\">\n\t\t\t\t<div class=\"elementor-widget-container\">\n\t\t\t\t\t\t\t\t<nav aria-label=\"Menu\" class=\"elementor-nav-menu--main elementor-nav-menu__container elementor-nav-menu--layout-horizontal e--pointer-underline e--animation-fade\">\n\t\t\t\t<ul id=\"menu-1-d349454\" class=\"elementor-nav-menu\"><li class=\"menu-item menu-item-type-post_type menu-item-object-page menu-item-366\"><a href=\"https:\/\/cefseguin.com\/english\/quoi-faire\/\" class=\"elementor-item\">What to do ?<\/a><\/li>\n<li class=\"menu-item menu-item-type-post_type menu-item-object-page menu-item-1204\"><a href=\"https:\/\/cefseguin.com\/english\/planifiez-votre-visite\/\" class=\"elementor-item\">Plan your visit<\/a><\/li>\n<li class=\"menu-item menu-item-type-custom menu-item-object-custom menu-item-has-children menu-item-1045\"><a class=\"elementor-item\">about<\/a>\n<ul class=\"sub-menu elementor-nav-menu--dropdown\">\n\t<li class=\"menu-item menu-item-type-post_type menu-item-object-page menu-item-373\"><a href=\"https:\/\/cefseguin.com\/english\/centre-ecologique\/\" class=\"elementor-sub-item\">Centre \u00e9cologique<\/a><\/li>\n\t<li class=\"menu-item menu-item-type-post_type menu-item-object-page menu-item-3613\"><a href=\"https:\/\/cefseguin.com\/english\/location-dequipement\/\" class=\"elementor-sub-item\">Equipment rental<\/a><\/li>\n\t<li class=\"menu-item menu-item-type-post_type menu-item-object-page menu-item-1712\"><a href=\"https:\/\/cefseguin.com\/english\/documentation\/\" class=\"elementor-sub-item\">Documentation<\/a><\/li>\n\t<li class=\"menu-item menu-item-type-post_type menu-item-object-page menu-item-1742\"><a href=\"https:\/\/cefseguin.com\/english\/faq\/\" class=\"elementor-sub-item\">Q&amp;A<\/a><\/li>\n<\/ul>\n<\/li>\n<li class=\"menu-item menu-item-type-custom menu-item-object-custom menu-item-3445\"><a href=\"https:\/\/ilesaintbernard.ca\/faites-un-don\" class=\"elementor-item\">Make a donation<\/a><\/li>\n<li class=\"trp-language-switcher-container menu-item menu-item-type-post_type menu-item-object-language_switcher current-language-menu-item menu-item-6576\"><a href=\"https:\/\/cefseguin.com\/english\/wp-json\/wp\/v2\/pages\/4065\" class=\"elementor-item elementor-item-anchor\"><span data-no-translation><span class=\"trp-ls-language-name\">FRANCAIS<\/span><\/span><\/a><\/li>\n<\/ul>\t\t\t<\/nav>\n\t\t\t\t\t<div class=\"elementor-menu-toggle\" role=\"button\" tabindex=\"0\" aria-label=\"Menu Toggle\" aria-expanded=\"false\">\n\t\t\t<i aria-hidden=\"true\" role=\"presentation\" class=\"elementor-menu-toggle__icon--open eicon-menu-bar\"><\/i><i aria-hidden=\"true\" role=\"presentation\" class=\"elementor-menu-toggle__icon--close eicon-close\"><\/i>\t\t<\/div>\n\t\t\t\t\t<nav class=\"elementor-nav-menu--dropdown elementor-nav-menu__container\" aria-hidden=\"true\">\n\t\t\t\t<ul id=\"menu-2-d349454\" class=\"elementor-nav-menu\"><li class=\"menu-item menu-item-type-post_type menu-item-object-page menu-item-366\"><a href=\"https:\/\/cefseguin.com\/english\/quoi-faire\/\" class=\"elementor-item\" tabindex=\"-1\">What to do ?<\/a><\/li>\n<li class=\"menu-item menu-item-type-post_type menu-item-object-page menu-item-1204\"><a href=\"https:\/\/cefseguin.com\/english\/planifiez-votre-visite\/\" class=\"elementor-item\" tabindex=\"-1\">Plan your visit<\/a><\/li>\n<li class=\"menu-item menu-item-type-custom menu-item-object-custom menu-item-has-children menu-item-1045\"><a class=\"elementor-item\" tabindex=\"-1\">about<\/a>\n<ul class=\"sub-menu elementor-nav-menu--dropdown\">\n\t<li class=\"menu-item menu-item-type-post_type menu-item-object-page menu-item-373\"><a href=\"https:\/\/cefseguin.com\/english\/centre-ecologique\/\" class=\"elementor-sub-item\" tabindex=\"-1\">Centre \u00e9cologique<\/a><\/li>\n\t<li class=\"menu-item menu-item-type-post_type menu-item-object-page menu-item-3613\"><a href=\"https:\/\/cefseguin.com\/english\/location-dequipement\/\" class=\"elementor-sub-item\" tabindex=\"-1\">Equipment rental<\/a><\/li>\n\t<li class=\"menu-item menu-item-type-post_type menu-item-object-page menu-item-1712\"><a href=\"https:\/\/cefseguin.com\/english\/documentation\/\" class=\"elementor-sub-item\" tabindex=\"-1\">Documentation<\/a><\/li>\n\t<li class=\"menu-item menu-item-type-post_type menu-item-object-page menu-item-1742\"><a href=\"https:\/\/cefseguin.com\/english\/faq\/\" class=\"elementor-sub-item\" tabindex=\"-1\">Q&amp;A<\/a><\/li>\n<\/ul>\n<\/li>\n<li class=\"menu-item menu-item-type-custom menu-item-object-custom menu-item-3445\"><a href=\"https:\/\/ilesaintbernard.ca\/faites-un-don\" class=\"elementor-item\" tabindex=\"-1\">Make a donation<\/a><\/li>\n<li class=\"trp-language-switcher-container menu-item menu-item-type-post_type menu-item-object-language_switcher current-language-menu-item menu-item-6576\"><a href=\"https:\/\/cefseguin.com\/english\/wp-json\/wp\/v2\/pages\/4065\" class=\"elementor-item elementor-item-anchor\" tabindex=\"-1\"><span data-no-translation><span class=\"trp-ls-language-name\">FRANCAIS<\/span><\/span><\/a><\/li>\n<\/ul>\t\t\t<\/nav>\n\t\t\t\t\t\t<\/div>\n\t\t\t\t<\/div>\n\t\t\t\t<\/div>\n\t\t\t\t\t<\/div>\n\t\t\t\t<\/div>\n\t\t\t\t<section data-particle_enable=\"false\" data-particle-mobile-disabled=\"false\" class=\"elementor-section elementor-top-section elementor-element elementor-element-2259cc5 elementor-section-boxed elementor-section-height-default elementor-section-height-default\" data-id=\"2259cc5\" data-element_type=\"section\" data-e-type=\"section\" data-settings=\"{&quot;background_background&quot;:&quot;classic&quot;}\">\n\t\t\t\t\t\t<div class=\"elementor-container elementor-column-gap-default\">\n\t\t\t\t\t<div class=\"elementor-column elementor-col-100 elementor-top-column elementor-element elementor-element-d6c75ee\" data-id=\"d6c75ee\" data-element_type=\"column\" data-e-type=\"column\">\n\t\t\t<div class=\"elementor-widget-wrap elementor-element-populated\">\n\t\t\t\t\t\t<div class=\"elementor-element elementor-element-1cf1d8f elementor-widget elementor-widget-spacer\" data-id=\"1cf1d8f\" data-element_type=\"widget\" data-e-type=\"widget\" data-widget_type=\"spacer.default\">\n\t\t\t\t<div class=\"elementor-widget-container\">\n\t\t\t\t\t\t\t<div class=\"elementor-spacer\">\n\t\t\t<div class=\"elementor-spacer-inner\"><\/div>\n\t\t<\/div>\n\t\t\t\t\t\t<\/div>\n\t\t\t\t<\/div>\n\t\t\t\t<div class=\"elementor-element elementor-element-21f2b74 elementor-widget elementor-widget-text-editor\" data-id=\"21f2b74\" data-element_type=\"widget\" data-e-type=\"widget\" data-widget_type=\"text-editor.default\">\n\t\t\t\t<div class=\"elementor-widget-container\">\n\t\t\t\t\t\t\t\t\t<iframe src=\"https:\/\/calendar.google.com\/calendar\/embed?height=600&#038;wkst=1&#038;bgcolor=%23ffffff&#038;ctz=America%2FToronto&#038;showTitle=0&#038;showNav=1&#038;showDate=1&#038;showPrint=0&#038;showTabs=0&#038;showCalendars=0&#038;showTz=0&#038;src=bXVnaWgwc2h1YnJiaGhwNnRrYmhqdDEyOG9AZ3JvdXAuY2FsZW5kYXIuZ29vZ2xlLmNvbQ&#038;color=%237CB342\" style=\"border:solid 1px #777\" width=\"800\" height=\"600\" frameborder=\"0\" scrolling=\"no\"><\/iframe>\t\t\t\t\t\t\t\t<\/div>\n\t\t\t\t<\/div>\n\t\t\t\t<div class=\"elementor-element elementor-element-66a03c5 elementor-widget elementor-widget-spacer\" data-id=\"66a03c5\" data-element_type=\"widget\" data-e-type=\"widget\" data-widget_type=\"spacer.default\">\n\t\t\t\t<div class=\"elementor-widget-container\">\n\t\t\t\t\t\t\t<div class=\"elementor-spacer\">\n\t\t\t<div class=\"elementor-spacer-inner\"><\/div>\n\t\t<\/div>\n\t\t\t\t\t\t<\/div>\n\t\t\t\t<\/div>\n\t\t\t\t\t<\/div>\n\t\t<\/div>\n\t\t\t\t\t<\/div>\n\t\t<\/section>\n\t\t\t\t<section data-particle_enable=\"false\" data-particle-mobile-disabled=\"false\" class=\"elementor-section elementor-top-section elementor-element elementor-element-1748a4c elementor-section-full_width elementor-section-height-min-height elementor-section-height-default elementor-section-items-middle\" data-id=\"1748a4c\" data-element_type=\"section\" data-e-type=\"section\" data-settings=\"{&quot;background_background&quot;:&quot;classic&quot;}\">\n\t\t\t\t\t\t<div class=\"elementor-container elementor-column-gap-default\">\n\t\t\t\t\t<div class=\"elementor-column elementor-col-50 elementor-top-column elementor-element elementor-element-4f95568\" data-id=\"4f95568\" data-element_type=\"column\" data-e-type=\"column\">\n\t\t\t<div class=\"elementor-widget-wrap elementor-element-populated\">\n\t\t\t\t\t\t<div class=\"elementor-element elementor-element-ab5f425 elementor-widget elementor-widget-heading\" data-id=\"ab5f425\" data-element_type=\"widget\" data-e-type=\"widget\" data-widget_type=\"heading.default\">\n\t\t\t\t<div class=\"elementor-widget-container\">\n\t\t\t\t\t<h2 class=\"elementor-heading-title elementor-size-default\"><a href=\"https:\/\/ilesaintbernard.com\/infolettre\/\">Stay informed<\/a><\/h2>\t\t\t\t<\/div>\n\t\t\t\t<\/div>\n\t\t\t\t<div class=\"elementor-element elementor-element-5652f4c elementor-widget elementor-widget-global elementor-global-1812 elementor-widget-heading\" data-id=\"5652f4c\" data-element_type=\"widget\" data-e-type=\"widget\" data-widget_type=\"heading.default\">\n\t\t\t\t<div class=\"elementor-widget-container\">\n\t\t\t\t\t<h2 class=\"elementor-heading-title elementor-size-default\"><a href=\"https:\/\/ilesaintbernard.com\/infolettre\/\">Subscribe to our newsletter<\/a><\/h2>\t\t\t\t<\/div>\n\t\t\t\t<\/div>\n\t\t\t\t<div class=\"elementor-element elementor-element-3b3ba1a elementor-view-default elementor-widget elementor-widget-icon\" data-id=\"3b3ba1a\" data-element_type=\"widget\" data-e-type=\"widget\" data-widget_type=\"icon.default\">\n\t\t\t\t<div class=\"elementor-widget-container\">\n\t\t\t\t\t\t\t<div class=\"elementor-icon-wrapper\">\n\t\t\t<a class=\"elementor-icon\" href=\"https:\/\/ilesaintbernard.com\/infolettre\/\">\n\t\t\t<i aria-hidden=\"true\" class=\"fas fa-arrow-right\"><\/i>\t\t\t<\/a>\n\t\t<\/div>\n\t\t\t\t\t\t<\/div>\n\t\t\t\t<\/div>\n\t\t\t\t\t<\/div>\n\t\t<\/div>\n\t\t\t\t<div class=\"elementor-column elementor-col-50 elementor-top-column elementor-element elementor-element-7ff67e4\" data-id=\"7ff67e4\" data-element_type=\"column\" data-e-type=\"column\">\n\t\t\t<div class=\"elementor-widget-wrap elementor-element-populated\">\n\t\t\t\t\t\t<div class=\"elementor-element elementor-element-8480e99 elementor-widget elementor-widget-heading\" data-id=\"8480e99\" data-element_type=\"widget\" data-e-type=\"widget\" data-widget_type=\"heading.default\">\n\t\t\t\t<div class=\"elementor-widget-container\">\n\t\t\t\t\t<h2 class=\"elementor-heading-title elementor-size-default\"><a href=\"https:\/\/cefseguin.com\/english\/contact\/\">Contact<\/a><\/h2>\t\t\t\t<\/div>\n\t\t\t\t<\/div>\n\t\t\t\t<div class=\"elementor-element elementor-element-3d9aba3 elementor-widget elementor-widget-text-editor\" data-id=\"3d9aba3\" data-element_type=\"widget\" data-e-type=\"widget\" data-widget_type=\"text-editor.default\">\n\t\t\t\t<div class=\"elementor-widget-container\">\n\t\t\t\t\t\t\t\t\t<p><strong>257, rue Fernand-Seguin<\/strong><\/p><p><strong>Ch\u00e2teauguay, Qu\u00e9bec<\/strong><\/p><p><strong>J6K 0K3\u00a0<\/strong><\/p><p><strong>General information<\/strong><\/p><p>450 698-3133<\/p><p><span style=\"text-decoration: underline;\"><span style=\"color: #ffffff;\"><a style=\"color: #ffffff; text-decoration: underline;\" href=\"mailto:info@heritagestbernard.qc.ca\">info@heritagestbernard.qc.ca<\/a><\/span><\/span><\/p><p><strong>Protection of personal information<\/strong><\/p><p>Nadine Leli\u00e8vre<\/p><p><span style=\"text-decoration: underline;\"><span style=\"color: #ffffff;\"><a style=\"color: #ffffff; text-decoration: underline;\" href=\"mailto:vieprivee@heritagestbernard.qc.ca\">vieprivee@heritagestbernard.qc.ca<\/a><\/span><\/span><\/p><p>\u00a0<\/p><p><span style=\"color: #ffffff;\"><a style=\"color: #ffffff;\" href=\"https:\/\/ilesaintbernard.com\/politique-de-confidentialite\/\"><span style=\"text-decoration: underline;\">Privacy policy<\/span><\/a><\/span><\/p>\t\t\t\t\t\t\t\t<\/div>\n\t\t\t\t<\/div>\n\t\t\t\t<div class=\"elementor-element elementor-element-1ae7516 elementor-shape-circle elementor-grid-4 e-grid-align-left elementor-widget elementor-widget-global elementor-global-802 elementor-widget-social-icons\" data-id=\"1ae7516\" data-element_type=\"widget\" data-e-type=\"widget\" data-widget_type=\"social-icons.default\">\n\t\t\t\t<div class=\"elementor-widget-container\">\n\t\t\t\t\t\t\t<div class=\"elementor-social-icons-wrapper elementor-grid\" role=\"list\">\n\t\t\t\t\t\t\t<span class=\"elementor-grid-item\" role=\"listitem\">\n\t\t\t\t\t<a class=\"elementor-icon elementor-social-icon elementor-social-icon-facebook elementor-repeater-item-869caf1\" href=\"https:\/\/www.facebook.com\/heritagestbernard\" target=\"_blank\">\n\t\t\t\t\t\t<span class=\"elementor-screen-only\">Facebook<\/span>\n\t\t\t\t\t\t<i aria-hidden=\"true\" class=\"fab fa-facebook\"><\/i>\t\t\t\t\t<\/a>\n\t\t\t\t<\/span>\n\t\t\t\t\t\t\t<span class=\"elementor-grid-item\" role=\"listitem\">\n\t\t\t\t\t<a class=\"elementor-icon elementor-social-icon elementor-social-icon-instagram elementor-repeater-item-40db9b2\" href=\"https:\/\/www.instagram.com\/heritagesaintbernard\/?hl=fr-ca\" target=\"_blank\">\n\t\t\t\t\t\t<span class=\"elementor-screen-only\">Instagram<\/span>\n\t\t\t\t\t\t<i aria-hidden=\"true\" class=\"fab fa-instagram\"><\/i>\t\t\t\t\t<\/a>\n\t\t\t\t<\/span>\n\t\t\t\t\t\t\t<span class=\"elementor-grid-item\" role=\"listitem\">\n\t\t\t\t\t<a class=\"elementor-icon elementor-social-icon elementor-social-icon-flickr elementor-repeater-item-30838e3\" href=\"https:\/\/www.flickr.com\/groups\/hsbernard\/\" target=\"_blank\">\n\t\t\t\t\t\t<span class=\"elementor-screen-only\">Flickr<\/span>\n\t\t\t\t\t\t<i aria-hidden=\"true\" class=\"fab fa-flickr\"><\/i>\t\t\t\t\t<\/a>\n\t\t\t\t<\/span>\n\t\t\t\t\t<\/div>\n\t\t\t\t\t\t<\/div>\n\t\t\t\t<\/div>\n\t\t\t\t<div class=\"elementor-element elementor-element-fb831b6 elementor-widget elementor-widget-text-editor\" data-id=\"fb831b6\" data-element_type=\"widget\" data-e-type=\"widget\" data-widget_type=\"text-editor.default\">\n\t\t\t\t<div class=\"elementor-widget-container\">\n\t\t\t\t\t\t\t\t\t<p>2023 TOUS DROITS R\u00c9SERV\u00c9S | H\u00c9RITAGE SAINT-BERNARD<\/p>\t\t\t\t\t\t\t\t<\/div>\n\t\t\t\t<\/div>\n\t\t\t\t\t<\/div>\n\t\t<\/div>\n\t\t\t\t\t<\/div>\n\t\t<\/section>\n\t\t\t\t<\/div>","protected":false},"excerpt":{"rendered":"<p>Restez inform\u00e9s Abonnez-vous \u00e0 notre infolettre Contact 257, rue Fernand-Seguin Ch\u00e2teauguay, Qu\u00e9bec J6K 0K3\u00a0 Renseignements g\u00e9n\u00e9raux 450 698-3133 info@heritagestbernard.qc.ca Protection des renseignements personnels Nadine Leli\u00e8vre vieprivee@heritagestbernard.qc.ca \u00a0 Politique de confidentialit\u00e9 Facebook Instagram Flickr 2023 TOUS DROITS R\u00c9SERV\u00c9S | H\u00c9RITAGE SAINT-BERNARD<\/p>","protected":false},"author":1,"featured_media":0,"parent":0,"menu_order":0,"comment_status":"closed","ping_status":"closed","template":"elementor_canvas","meta":{"footnotes":""},"class_list":["post-4065","page","type-page","status-publish","hentry"],"yoast_head":"<!-- This site is optimized with the Yoast SEO plugin v27.3 - https:\/\/yoast.com\/product\/yoast-seo-wordpress\/ -->\n<title>Calendrier des locations - centre \u00e9cologique Fernand-Seguin<\/title>\n<meta name=\"robots\" content=\"index, follow, max-snippet:-1, max-image-preview:large, max-video-preview:-1\" \/>\n<link rel=\"canonical\" href=\"https:\/\/cefseguin.com\/english\/calendrier-des-locations\/\" \/>\n<meta property=\"og:locale\" content=\"en_US\" \/>\n<meta property=\"og:type\" content=\"article\" \/>\n<meta property=\"og:title\" content=\"Calendrier des locations - centre \u00e9cologique Fernand-Seguin\" \/>\n<meta property=\"og:description\" content=\"Restez inform\u00e9s Abonnez-vous \u00e0 notre infolettre Contact 257, rue Fernand-Seguin Ch\u00e2teauguay, Qu\u00e9bec J6K 0K3\u00a0 Renseignements g\u00e9n\u00e9raux 450 698-3133 info@heritagestbernard.qc.ca Protection des renseignements personnels Nadine Leli\u00e8vre vieprivee@heritagestbernard.qc.ca \u00a0 Politique de confidentialit\u00e9 Facebook Instagram Flickr 2023 TOUS DROITS R\u00c9SERV\u00c9S | H\u00c9RITAGE SAINT-BERNARD\" \/>\n<meta property=\"og:url\" content=\"https:\/\/cefseguin.com\/english\/calendrier-des-locations\/\" \/>\n<meta property=\"og:site_name\" content=\"centre \u00e9cologique Fernand-Seguin\" \/>\n<meta property=\"article:modified_time\" content=\"2024-04-22T16:47:46+00:00\" \/>\n<meta property=\"og:image\" content=\"https:\/\/cefseguin.com\/wp-content\/uploads\/elementor\/thumbs\/CEFS-2-oziwhlvsm2vlq0eqr1sxfl117jvh4xkzlqwmkjqhvk.png\" \/>\n<meta name=\"twitter:card\" content=\"summary_large_image\" \/>\n<meta name=\"twitter:label1\" content=\"Est. reading time\" \/>\n\t<meta name=\"twitter:data1\" content=\"1 minute\" \/>\n<script type=\"application\/ld+json\" class=\"yoast-schema-graph\">{\"@context\":\"https:\\\/\\\/schema.org\",\"@graph\":[{\"@type\":\"WebPage\",\"@id\":\"https:\\\/\\\/cefseguin.com\\\/calendrier-des-locations\\\/\",\"url\":\"https:\\\/\\\/cefseguin.com\\\/calendrier-des-locations\\\/\",\"name\":\"Calendrier des locations - centre \u00e9cologique Fernand-Seguin\",\"isPartOf\":{\"@id\":\"https:\\\/\\\/cefseguin.com\\\/#website\"},\"primaryImageOfPage\":{\"@id\":\"https:\\\/\\\/cefseguin.com\\\/calendrier-des-locations\\\/#primaryimage\"},\"image\":{\"@id\":\"https:\\\/\\\/cefseguin.com\\\/calendrier-des-locations\\\/#primaryimage\"},\"thumbnailUrl\":\"https:\\\/\\\/cefseguin.com\\\/wp-content\\\/uploads\\\/elementor\\\/thumbs\\\/CEFS-2-oziwhlvsm2vlq0eqr1sxfl117jvh4xkzlqwmkjqhvk.png\",\"datePublished\":\"2022-02-07T15:27:56+00:00\",\"dateModified\":\"2024-04-22T16:47:46+00:00\",\"breadcrumb\":{\"@id\":\"https:\\\/\\\/cefseguin.com\\\/calendrier-des-locations\\\/#breadcrumb\"},\"inLanguage\":\"en-CA\",\"potentialAction\":[{\"@type\":\"ReadAction\",\"target\":[\"https:\\\/\\\/cefseguin.com\\\/calendrier-des-locations\\\/\"]}]},{\"@type\":\"ImageObject\",\"inLanguage\":\"en-CA\",\"@id\":\"https:\\\/\\\/cefseguin.com\\\/calendrier-des-locations\\\/#primaryimage\",\"url\":\"https:\\\/\\\/cefseguin.com\\\/wp-content\\\/uploads\\\/elementor\\\/thumbs\\\/CEFS-2-oziwhlvsm2vlq0eqr1sxfl117jvh4xkzlqwmkjqhvk.png\",\"contentUrl\":\"https:\\\/\\\/cefseguin.com\\\/wp-content\\\/uploads\\\/elementor\\\/thumbs\\\/CEFS-2-oziwhlvsm2vlq0eqr1sxfl117jvh4xkzlqwmkjqhvk.png\"},{\"@type\":\"BreadcrumbList\",\"@id\":\"https:\\\/\\\/cefseguin.com\\\/calendrier-des-locations\\\/#breadcrumb\",\"itemListElement\":[{\"@type\":\"ListItem\",\"position\":1,\"name\":\"Accueil\",\"item\":\"https:\\\/\\\/cefseguin.com\\\/\"},{\"@type\":\"ListItem\",\"position\":2,\"name\":\"Calendrier des locations\"}]},{\"@type\":\"WebSite\",\"@id\":\"https:\\\/\\\/cefseguin.com\\\/#website\",\"url\":\"https:\\\/\\\/cefseguin.com\\\/\",\"name\":\"centre \u00e9cologique Fernand-Seguin\",\"description\":\"\",\"potentialAction\":[{\"@type\":\"SearchAction\",\"target\":{\"@type\":\"EntryPoint\",\"urlTemplate\":\"https:\\\/\\\/cefseguin.com\\\/?s={search_term_string}\"},\"query-input\":{\"@type\":\"PropertyValueSpecification\",\"valueRequired\":true,\"valueName\":\"search_term_string\"}}],\"inLanguage\":\"en-CA\"}]}<\/script>\n<!-- \/ Yoast SEO plugin. -->","yoast_head_json":{"title":"Calendrier des locations - centre \u00e9cologique Fernand-Seguin","robots":{"index":"index","follow":"follow","max-snippet":"max-snippet:-1","max-image-preview":"max-image-preview:large","max-video-preview":"max-video-preview:-1"},"canonical":"https:\/\/cefseguin.com\/english\/calendrier-des-locations\/","og_locale":"en_US","og_type":"article","og_title":"Calendrier des locations - centre \u00e9cologique Fernand-Seguin","og_description":"Restez inform\u00e9s Abonnez-vous \u00e0 notre infolettre Contact 257, rue Fernand-Seguin Ch\u00e2teauguay, Qu\u00e9bec J6K 0K3\u00a0 Renseignements g\u00e9n\u00e9raux 450 698-3133 info@heritagestbernard.qc.ca Protection des renseignements personnels Nadine Leli\u00e8vre vieprivee@heritagestbernard.qc.ca \u00a0 Politique de confidentialit\u00e9 Facebook Instagram Flickr 2023 TOUS DROITS R\u00c9SERV\u00c9S | H\u00c9RITAGE SAINT-BERNARD","og_url":"https:\/\/cefseguin.com\/english\/calendrier-des-locations\/","og_site_name":"centre \u00e9cologique Fernand-Seguin","article_modified_time":"2024-04-22T16:47:46+00:00","og_image":[{"url":"https:\/\/cefseguin.com\/wp-content\/uploads\/elementor\/thumbs\/CEFS-2-oziwhlvsm2vlq0eqr1sxfl117jvh4xkzlqwmkjqhvk.png","type":"","width":"","height":""}],"twitter_card":"summary_large_image","twitter_misc":{"Est. reading time":"1 minute"},"schema":{"@context":"https:\/\/schema.org","@graph":[{"@type":"WebPage","@id":"https:\/\/cefseguin.com\/calendrier-des-locations\/","url":"https:\/\/cefseguin.com\/calendrier-des-locations\/","name":"Calendrier des locations - centre \u00e9cologique Fernand-Seguin","isPartOf":{"@id":"https:\/\/cefseguin.com\/#website"},"primaryImageOfPage":{"@id":"https:\/\/cefseguin.com\/calendrier-des-locations\/#primaryimage"},"image":{"@id":"https:\/\/cefseguin.com\/calendrier-des-locations\/#primaryimage"},"thumbnailUrl":"https:\/\/cefseguin.com\/wp-content\/uploads\/elementor\/thumbs\/CEFS-2-oziwhlvsm2vlq0eqr1sxfl117jvh4xkzlqwmkjqhvk.png","datePublished":"2022-02-07T15:27:56+00:00","dateModified":"2024-04-22T16:47:46+00:00","breadcrumb":{"@id":"https:\/\/cefseguin.com\/calendrier-des-locations\/#breadcrumb"},"inLanguage":"en-CA","potentialAction":[{"@type":"ReadAction","target":["https:\/\/cefseguin.com\/calendrier-des-locations\/"]}]},{"@type":"ImageObject","inLanguage":"en-CA","@id":"https:\/\/cefseguin.com\/calendrier-des-locations\/#primaryimage","url":"https:\/\/cefseguin.com\/wp-content\/uploads\/elementor\/thumbs\/CEFS-2-oziwhlvsm2vlq0eqr1sxfl117jvh4xkzlqwmkjqhvk.png","contentUrl":"https:\/\/cefseguin.com\/wp-content\/uploads\/elementor\/thumbs\/CEFS-2-oziwhlvsm2vlq0eqr1sxfl117jvh4xkzlqwmkjqhvk.png"},{"@type":"BreadcrumbList","@id":"https:\/\/cefseguin.com\/calendrier-des-locations\/#breadcrumb","itemListElement":[{"@type":"ListItem","position":1,"name":"Accueil","item":"https:\/\/cefseguin.com\/"},{"@type":"ListItem","position":2,"name":"Calendrier des locations"}]},{"@type":"WebSite","@id":"https:\/\/cefseguin.com\/#website","url":"https:\/\/cefseguin.com\/","name":"centre \u00e9cologique Fernand-Seguin","description":"","potentialAction":[{"@type":"SearchAction","target":{"@type":"EntryPoint","urlTemplate":"https:\/\/cefseguin.com\/?s={search_term_string}"},"query-input":{"@type":"PropertyValueSpecification","valueRequired":true,"valueName":"search_term_string"}}],"inLanguage":"en-CA"}]}},"_links":{"self":[{"href":"https:\/\/cefseguin.com\/english\/wp-json\/wp\/v2\/pages\/4065","targetHints":{"allow":["GET"]}}],"collection":[{"href":"https:\/\/cefseguin.com\/english\/wp-json\/wp\/v2\/pages"}],"about":[{"href":"https:\/\/cefseguin.com\/english\/wp-json\/wp\/v2\/types\/page"}],"author":[{"embeddable":true,"href":"https:\/\/cefseguin.com\/english\/wp-json\/wp\/v2\/users\/1"}],"replies":[{"embeddable":true,"href":"https:\/\/cefseguin.com\/english\/wp-json\/wp\/v2\/comments?post=4065"}],"version-history":[{"count":0,"href":"https:\/\/cefseguin.com\/english\/wp-json\/wp\/v2\/pages\/4065\/revisions"}],"wp:attachment":[{"href":"https:\/\/cefseguin.com\/english\/wp-json\/wp\/v2\/media?parent=4065"}],"curies":[{"name":"wp","href":"https:\/\/api.w.org\/{rel}","templated":true}]}}