{"id":7711,"date":"2025-05-26T12:10:20","date_gmt":"2025-05-26T16:10:20","guid":{"rendered":"https:\/\/cefseguin.com\/?page_id=7711"},"modified":"2025-05-26T12:19:12","modified_gmt":"2025-05-26T16:19:12","slug":"politique-relative-aux-cookies","status":"publish","type":"page","link":"https:\/\/cefseguin.com\/english\/politique-relative-aux-cookies\/","title":{"rendered":"Politique relative aux cookies"},"content":{"rendered":"<p>&nbsp;<\/p>\n<p>Date d\u2019entr\u00e9e en vigueur : 26 mai 2025<br \/>\nDerni\u00e8re mise \u00e0 jour : 26 mai 2025<\/p>\n<h5>Que sont les cookies\u00a0?<\/h5>\n<div class=\"cookie-policy-p\">\n<p>Cette politique de cookies explique ce que sont les cookies, comment nous les utilisons, les types de cookies que nous utilisons \u2014 c\u2019est-\u00e0-dire les informations que nous collectons via les cookies, comment ces informations sont utilis\u00e9es, et comment g\u00e9rer les param\u00e8tres des cookies.<\/p>\n<p>Les cookies sont de petits fichiers texte utilis\u00e9s pour stocker de petites quantit\u00e9s d\u2019informations. Ils sont enregistr\u00e9s sur votre appareil lorsque le site Web est charg\u00e9 dans votre navigateur. Ces cookies nous aident \u00e0 faire fonctionner correctement le site Web, \u00e0 le s\u00e9curiser, \u00e0 offrir une meilleure exp\u00e9rience utilisateur, et \u00e0 comprendre ses performances afin d\u2019analyser ce qui fonctionne et ce qui doit \u00eatre am\u00e9lior\u00e9.<\/p>\n<\/div>\n<h5>Comment utilisons-nous les cookies\u00a0?<\/h5>\n<div class=\"cookie-policy-p\">\n<p>Comme la plupart des services en ligne, notre site Web utilise des cookies internes (first-party) et des cookies tiers pour plusieurs raisons. Les cookies internes sont principalement n\u00e9cessaires au bon fonctionnement du site, et ne collectent aucune donn\u00e9e personnelle identifiable.<\/p>\n<p>Les cookies tiers utilis\u00e9s sur notre site ont principalement pour but de comprendre les performances du site, votre mani\u00e8re d\u2019interagir avec lui, de s\u00e9curiser nos services, de vous proposer des publicit\u00e9s pertinentes, et plus g\u00e9n\u00e9ralement de vous offrir une meilleure exp\u00e9rience utilisateur et de faciliter vos futures visites sur notre site.<\/p>\n<\/div>\n<h5>Types de cookies que nous utilisons<\/h5>\n<div class=\"cky-audit-table-element\"><\/div>\n<h5 style=\"margin-bottom: 20px;\">G\u00e9rer vos pr\u00e9f\u00e9rences en mati\u00e8re de cookies<\/h5>\n<p><a class=\"cky-banner-element\">Param\u00e8tres des cookies<\/a><\/p>\n<div>\n<p>Vous pouvez modifier vos pr\u00e9f\u00e9rences \u00e0 tout moment en cliquant sur le bouton ci-dessus. Cela vous permettra de revoir la banni\u00e8re de consentement aux cookies et de modifier vos pr\u00e9f\u00e9rences ou de retirer votre consentement imm\u00e9diatement.<\/p>\n<p>En plus de cela, diff\u00e9rents navigateurs proposent diff\u00e9rentes m\u00e9thodes pour bloquer et supprimer les cookies utilis\u00e9s par les sites Web. Vous pouvez modifier les param\u00e8tres de votre navigateur pour bloquer ou supprimer les cookies. Voici les liens vers les documents d\u2019assistance des principaux navigateurs.<\/p>\n<p>Chrome : <a href=\"https:\/\/support.google.com\/accounts\/answer\/32050\" target=\"_blank\" rel=\"noopener\">https:\/\/support.google.com\/accounts\/answer\/32050<\/a><\/p>\n<p>Safari : <a href=\"https:\/\/support.apple.com\/en-in\/guide\/safari\/sfri11471\/mac\" target=\"_blank\" rel=\"noopener\">https:\/\/support.apple.com\/en-in\/guide\/safari\/sfri11471\/mac<\/a><\/p>\n<p>Firefox : <a href=\"https:\/\/support.mozilla.org\/en-US\/kb\/clear-cookies-and-site-data-firefox?redirectslug=delete-cookies-remove-info-websites-stored&amp;redirectlocale=en-US\" target=\"_blank\" rel=\"noopener\">https:\/\/support.mozilla.org\/en-US\/kb\/clear-cookies-and-site-data-firefox?redirectslug=delete-cookies-remove-info-websites-stored&amp;redirectlocale=en-US<\/a><\/p>\n<p>Internet Explorer : <a href=\"https:\/\/support.microsoft.com\/en-us\/topic\/how-to-delete-cookie-files-in-internet-explorer-bca9446f-d873-78de-77ba-d42645fa52fc\" target=\"_blank\" rel=\"noopener\">https:\/\/support.microsoft.com\/en-us\/topic\/how-to-delete-cookie-files-in-internet-explorer-bca9446f-d873-78de-77ba-d42645fa52fc<\/a><\/p>\n<p>Si vous utilisez un autre navigateur, veuillez consulter la documentation d\u2019aide officielle de celui-ci.<\/p>\n<\/div>\n<p class=\"cookie-policy-p\">","protected":false},"excerpt":{"rendered":"<p>&nbsp; Date d\u2019entr\u00e9e en vigueur : 26 mai 2025 Derni\u00e8re mise \u00e0 jour : 26 mai 2025 Que sont les cookies\u00a0? Cette politique de cookies explique ce que sont les cookies, comment nous les utilisons, les types de cookies que nous utilisons \u2014 c\u2019est-\u00e0-dire les informations que nous collectons via les cookies, comment ces informations [&hellip;]<\/p>\n","protected":false},"author":3,"featured_media":0,"parent":0,"menu_order":0,"comment_status":"closed","ping_status":"closed","template":"","meta":{"footnotes":""},"class_list":["post-7711","page","type-page","status-publish","hentry"],"yoast_head":"<!-- This site is optimized with the Yoast SEO plugin v27.5 - https:\/\/yoast.com\/product\/yoast-seo-wordpress\/ -->\n<title>Politique relative aux cookies - centre \u00e9cologique Fernand-Seguin<\/title>\n<meta name=\"robots\" content=\"index, follow, max-snippet:-1, max-image-preview:large, max-video-preview:-1\" \/>\n<link rel=\"canonical\" href=\"https:\/\/cefseguin.com\/english\/politique-relative-aux-cookies\/\" \/>\n<meta property=\"og:locale\" content=\"en_US\" \/>\n<meta property=\"og:type\" content=\"article\" \/>\n<meta property=\"og:title\" content=\"Politique relative aux cookies - centre \u00e9cologique Fernand-Seguin\" \/>\n<meta property=\"og:description\" content=\"&nbsp; Date d\u2019entr\u00e9e en vigueur : 26 mai 2025 Derni\u00e8re mise \u00e0 jour : 26 mai 2025 Que sont les cookies\u00a0? Cette politique de cookies explique ce que sont les cookies, comment nous les utilisons, les types de cookies que nous utilisons \u2014 c\u2019est-\u00e0-dire les informations que nous collectons via les cookies, comment ces informations [&hellip;]\" \/>\n<meta property=\"og:url\" content=\"https:\/\/cefseguin.com\/english\/politique-relative-aux-cookies\/\" \/>\n<meta property=\"og:site_name\" content=\"centre \u00e9cologique Fernand-Seguin\" \/>\n<meta property=\"article:modified_time\" content=\"2025-05-26T16:19:12+00:00\" \/>\n<meta name=\"twitter:card\" content=\"summary_large_image\" \/>\n<meta name=\"twitter:label1\" content=\"Est. reading time\" \/>\n\t<meta name=\"twitter:data1\" content=\"2 minutes\" \/>\n<script type=\"application\/ld+json\" class=\"yoast-schema-graph\">{\"@context\":\"https:\\\/\\\/schema.org\",\"@graph\":[{\"@type\":\"WebPage\",\"@id\":\"https:\\\/\\\/cefseguin.com\\\/politique-relative-aux-cookies\\\/\",\"url\":\"https:\\\/\\\/cefseguin.com\\\/politique-relative-aux-cookies\\\/\",\"name\":\"Politique relative aux cookies - centre \u00e9cologique Fernand-Seguin\",\"isPartOf\":{\"@id\":\"https:\\\/\\\/cefseguin.com\\\/#website\"},\"datePublished\":\"2025-05-26T16:10:20+00:00\",\"dateModified\":\"2025-05-26T16:19:12+00:00\",\"breadcrumb\":{\"@id\":\"https:\\\/\\\/cefseguin.com\\\/politique-relative-aux-cookies\\\/#breadcrumb\"},\"inLanguage\":\"en-CA\",\"potentialAction\":[{\"@type\":\"ReadAction\",\"target\":[\"https:\\\/\\\/cefseguin.com\\\/politique-relative-aux-cookies\\\/\"]}]},{\"@type\":\"BreadcrumbList\",\"@id\":\"https:\\\/\\\/cefseguin.com\\\/politique-relative-aux-cookies\\\/#breadcrumb\",\"itemListElement\":[{\"@type\":\"ListItem\",\"position\":1,\"name\":\"Accueil\",\"item\":\"https:\\\/\\\/cefseguin.com\\\/\"},{\"@type\":\"ListItem\",\"position\":2,\"name\":\"Politique relative aux cookies\"}]},{\"@type\":\"WebSite\",\"@id\":\"https:\\\/\\\/cefseguin.com\\\/#website\",\"url\":\"https:\\\/\\\/cefseguin.com\\\/\",\"name\":\"centre \u00e9cologique Fernand-Seguin\",\"description\":\"\",\"potentialAction\":[{\"@type\":\"SearchAction\",\"target\":{\"@type\":\"EntryPoint\",\"urlTemplate\":\"https:\\\/\\\/cefseguin.com\\\/?s={search_term_string}\"},\"query-input\":{\"@type\":\"PropertyValueSpecification\",\"valueRequired\":true,\"valueName\":\"search_term_string\"}}],\"inLanguage\":\"en-CA\"}]}<\/script>\n<!-- \/ Yoast SEO plugin. -->","yoast_head_json":{"title":"Politique relative aux cookies - centre \u00e9cologique Fernand-Seguin","robots":{"index":"index","follow":"follow","max-snippet":"max-snippet:-1","max-image-preview":"max-image-preview:large","max-video-preview":"max-video-preview:-1"},"canonical":"https:\/\/cefseguin.com\/english\/politique-relative-aux-cookies\/","og_locale":"en_US","og_type":"article","og_title":"Politique relative aux cookies - centre \u00e9cologique Fernand-Seguin","og_description":"&nbsp; Date d\u2019entr\u00e9e en vigueur : 26 mai 2025 Derni\u00e8re mise \u00e0 jour : 26 mai 2025 Que sont les cookies\u00a0? Cette politique de cookies explique ce que sont les cookies, comment nous les utilisons, les types de cookies que nous utilisons \u2014 c\u2019est-\u00e0-dire les informations que nous collectons via les cookies, comment ces informations [&hellip;]","og_url":"https:\/\/cefseguin.com\/english\/politique-relative-aux-cookies\/","og_site_name":"centre \u00e9cologique Fernand-Seguin","article_modified_time":"2025-05-26T16:19:12+00:00","twitter_card":"summary_large_image","twitter_misc":{"Est. reading time":"2 minutes"},"schema":{"@context":"https:\/\/schema.org","@graph":[{"@type":"WebPage","@id":"https:\/\/cefseguin.com\/politique-relative-aux-cookies\/","url":"https:\/\/cefseguin.com\/politique-relative-aux-cookies\/","name":"Politique relative aux cookies - centre \u00e9cologique Fernand-Seguin","isPartOf":{"@id":"https:\/\/cefseguin.com\/#website"},"datePublished":"2025-05-26T16:10:20+00:00","dateModified":"2025-05-26T16:19:12+00:00","breadcrumb":{"@id":"https:\/\/cefseguin.com\/politique-relative-aux-cookies\/#breadcrumb"},"inLanguage":"en-CA","potentialAction":[{"@type":"ReadAction","target":["https:\/\/cefseguin.com\/politique-relative-aux-cookies\/"]}]},{"@type":"BreadcrumbList","@id":"https:\/\/cefseguin.com\/politique-relative-aux-cookies\/#breadcrumb","itemListElement":[{"@type":"ListItem","position":1,"name":"Accueil","item":"https:\/\/cefseguin.com\/"},{"@type":"ListItem","position":2,"name":"Politique relative aux cookies"}]},{"@type":"WebSite","@id":"https:\/\/cefseguin.com\/#website","url":"https:\/\/cefseguin.com\/","name":"centre \u00e9cologique Fernand-Seguin","description":"","potentialAction":[{"@type":"SearchAction","target":{"@type":"EntryPoint","urlTemplate":"https:\/\/cefseguin.com\/?s={search_term_string}"},"query-input":{"@type":"PropertyValueSpecification","valueRequired":true,"valueName":"search_term_string"}}],"inLanguage":"en-CA"}]}},"_links":{"self":[{"href":"https:\/\/cefseguin.com\/english\/wp-json\/wp\/v2\/pages\/7711","targetHints":{"allow":["GET"]}}],"collection":[{"href":"https:\/\/cefseguin.com\/english\/wp-json\/wp\/v2\/pages"}],"about":[{"href":"https:\/\/cefseguin.com\/english\/wp-json\/wp\/v2\/types\/page"}],"author":[{"embeddable":true,"href":"https:\/\/cefseguin.com\/english\/wp-json\/wp\/v2\/users\/3"}],"replies":[{"embeddable":true,"href":"https:\/\/cefseguin.com\/english\/wp-json\/wp\/v2\/comments?post=7711"}],"version-history":[{"count":0,"href":"https:\/\/cefseguin.com\/english\/wp-json\/wp\/v2\/pages\/7711\/revisions"}],"wp:attachment":[{"href":"https:\/\/cefseguin.com\/english\/wp-json\/wp\/v2\/media?parent=7711"}],"curies":[{"name":"wp","href":"https:\/\/api.w.org\/{rel}","templated":true}]}}